{"id":1185,"date":"2022-08-23T13:47:55","date_gmt":"2022-08-23T13:47:55","guid":{"rendered":"https:\/\/mejoreslugaresparavivirmexico.com\/?page_id=1185"},"modified":"2022-09-12T15:53:39","modified_gmt":"2022-09-12T15:53:39","slug":"contacto","status":"publish","type":"page","link":"https:\/\/mejoreslugaresparavivirmexico.com\/?page_id=1185","title":{"rendered":"Contacto"},"content":{"rendered":"\t\t<div data-elementor-type=\"wp-page\" data-elementor-id=\"1185\" class=\"elementor elementor-1185\" data-elementor-settings=\"[]\">\n\t\t\t\t\t\t<div class=\"elementor-inner\">\n\t\t\t\t\t\t\t<div class=\"elementor-section-wrap\">\n\t\t\t\t\t\t\t<section class=\"elementor-section elementor-top-section elementor-element elementor-element-8312a84 elementor-section-full_width elementor-section-content-middle elementor-section-height-min-height elementor-section-height-default elementor-section-items-middle\" data-id=\"8312a84\" data-element_type=\"section\" data-settings=\"{&quot;background_background&quot;:&quot;classic&quot;,&quot;shape_divider_bottom&quot;:&quot;arrow&quot;}\">\n\t\t\t\t\t\t\t<div class=\"elementor-background-overlay\"><\/div>\n\t\t\t\t\t\t<div class=\"elementor-shape elementor-shape-bottom\" data-negative=\"false\">\n\t\t\t<svg xmlns=\"http:\/\/www.w3.org\/2000\/svg\" viewBox=\"0 0 700 10\" preserveAspectRatio=\"none\">\n\t<path class=\"elementor-shape-fill\" d=\"M350,10L340,0h20L350,10z\"\/>\n<\/svg>\t\t<\/div>\n\t\t\t\t\t<div class=\"elementor-container elementor-column-gap-default\">\n\t\t\t\t\t\t\t<div class=\"elementor-row\">\n\t\t\t\t\t<div class=\"elementor-column elementor-col-100 elementor-top-column elementor-element elementor-element-194476f3\" data-id=\"194476f3\" data-element_type=\"column\">\n\t\t\t<div class=\"elementor-column-wrap elementor-element-populated\">\n\t\t\t\t\t\t\t<div class=\"elementor-widget-wrap\">\n\t\t\t\t\t\t<div class=\"elementor-element elementor-element-0d28950 elementor-widget elementor-widget-spacer\" data-id=\"0d28950\" data-element_type=\"widget\" data-widget_type=\"spacer.default\">\n\t\t\t\t<div class=\"elementor-widget-container\">\n\t\t\t\t\t<div class=\"elementor-spacer\">\n\t\t\t<div class=\"elementor-spacer-inner\"><\/div>\n\t\t<\/div>\n\t\t\t\t<\/div>\n\t\t\t\t<\/div>\n\t\t\t\t<div class=\"elementor-element elementor-element-5d531ff1 elementor-invisible elementor-widget elementor-widget-heading\" data-id=\"5d531ff1\" data-element_type=\"widget\" data-settings=\"{&quot;_animation&quot;:&quot;none&quot;}\" data-widget_type=\"heading.default\">\n\t\t\t\t<div class=\"elementor-widget-container\">\n\t\t\t<h2 class=\"elementor-heading-title elementor-size-large\">Cont\u00e1ctanos<\/h2>\t\t<\/div>\n\t\t\t\t<\/div>\n\t\t\t\t<div class=\"elementor-element elementor-element-0997bc7 elementor-widget elementor-widget-text-editor\" data-id=\"0997bc7\" data-element_type=\"widget\" data-widget_type=\"text-editor.default\">\n\t\t\t\t<div class=\"elementor-widget-container\">\n\t\t\t\t\t<div class=\"elementor-text-editor elementor-clearfix\"><p>Uno de nuestros ejecutivos te acompa\u00f1ar\u00e1 en todo el proceso\u00a0<\/p><\/div>\n\t\t\t\t<\/div>\n\t\t\t\t<\/div>\n\t\t\t\t<div class=\"elementor-element elementor-element-460ec845 elementor-align-center elementor-mobile-align-center elementor-widget elementor-widget-button\" data-id=\"460ec845\" data-element_type=\"widget\" data-widget_type=\"button.default\">\n\t\t\t\t<div class=\"elementor-widget-container\">\n\t\t\t\t\t<div class=\"elementor-button-wrapper\">\n\t\t\t<a href=\"tel:442%20317%203470\" class=\"elementor-button-link elementor-button elementor-size-sm\" role=\"button\">\n\t\t\t\t\t\t<span class=\"elementor-button-content-wrapper\">\n\t\t\t\t\t\t<span class=\"elementor-button-text\">Ll\u00e1manos<\/span>\n\t\t<\/span>\n\t\t\t\t\t<\/a>\n\t\t<\/div>\n\t\t\t\t<\/div>\n\t\t\t\t<\/div>\n\t\t\t\t\t\t<\/div>\n\t\t\t\t\t<\/div>\n\t\t<\/div>\n\t\t\t\t\t\t\t\t<\/div>\n\t\t\t\t\t<\/div>\n\t\t<\/section>\n\t\t\t\t<section class=\"elementor-section elementor-top-section elementor-element elementor-element-7688d9a elementor-section-boxed elementor-section-height-default elementor-section-height-default\" data-id=\"7688d9a\" data-element_type=\"section\" data-settings=\"{&quot;background_background&quot;:&quot;classic&quot;}\">\n\t\t\t\t\t\t<div class=\"elementor-container elementor-column-gap-default\">\n\t\t\t\t\t\t\t<div class=\"elementor-row\">\n\t\t\t\t\t<div class=\"elementor-column elementor-col-100 elementor-top-column elementor-element elementor-element-2de8af4\" data-id=\"2de8af4\" data-element_type=\"column\">\n\t\t\t<div class=\"elementor-column-wrap elementor-element-populated\">\n\t\t\t\t\t\t\t<div class=\"elementor-widget-wrap\">\n\t\t\t\t\t\t<div class=\"elementor-element elementor-element-bf3e9a6 elementor-widget elementor-widget-spacer\" data-id=\"bf3e9a6\" data-element_type=\"widget\" data-widget_type=\"spacer.default\">\n\t\t\t\t<div class=\"elementor-widget-container\">\n\t\t\t\t\t<div class=\"elementor-spacer\">\n\t\t\t<div class=\"elementor-spacer-inner\"><\/div>\n\t\t<\/div>\n\t\t\t\t<\/div>\n\t\t\t\t<\/div>\n\t\t\t\t<div class=\"elementor-element elementor-element-57b6e0f elementor-invisible elementor-widget elementor-widget-heading\" data-id=\"57b6e0f\" data-element_type=\"widget\" data-settings=\"{&quot;_animation&quot;:&quot;fadeIn&quot;}\" data-widget_type=\"heading.default\">\n\t\t\t\t<div class=\"elementor-widget-container\">\n\t\t\t<h2 class=\"elementor-heading-title elementor-size-default\">Asesor\u00eda y Vinculaci\u00f3n de negocios<\/h2>\t\t<\/div>\n\t\t\t\t<\/div>\n\t\t\t\t<div class=\"elementor-element elementor-element-425d106 elementor-widget elementor-widget-heading\" data-id=\"425d106\" data-element_type=\"widget\" data-widget_type=\"heading.default\">\n\t\t\t\t<div class=\"elementor-widget-container\">\n\t\t\t<h2 class=\"elementor-heading-title elementor-size-default\">Estamos a sus \u00f3rdenes<\/h2>\t\t<\/div>\n\t\t\t\t<\/div>\n\t\t\t\t<div class=\"elementor-element elementor-element-6803807 elementor-widget elementor-widget-spacer\" data-id=\"6803807\" data-element_type=\"widget\" data-widget_type=\"spacer.default\">\n\t\t\t\t<div class=\"elementor-widget-container\">\n\t\t\t\t\t<div class=\"elementor-spacer\">\n\t\t\t<div class=\"elementor-spacer-inner\"><\/div>\n\t\t<\/div>\n\t\t\t\t<\/div>\n\t\t\t\t<\/div>\n\t\t\t\t\t\t<\/div>\n\t\t\t\t\t<\/div>\n\t\t<\/div>\n\t\t\t\t\t\t\t\t<\/div>\n\t\t\t\t\t<\/div>\n\t\t<\/section>\n\t\t\t\t<section class=\"elementor-section elementor-top-section elementor-element elementor-element-0e95de7 elementor-section-boxed elementor-section-height-default elementor-section-height-default\" data-id=\"0e95de7\" data-element_type=\"section\">\n\t\t\t\t\t\t<div class=\"elementor-container elementor-column-gap-default\">\n\t\t\t\t\t\t\t<div class=\"elementor-row\">\n\t\t\t\t\t<div class=\"elementor-column elementor-col-50 elementor-top-column elementor-element elementor-element-90577ac\" data-id=\"90577ac\" data-element_type=\"column\">\n\t\t\t<div class=\"elementor-column-wrap elementor-element-populated\">\n\t\t\t\t\t\t\t<div class=\"elementor-widget-wrap\">\n\t\t\t\t\t\t<div class=\"elementor-element elementor-element-edeb879 elementor-align-center elementor-mobile-align-center elementor-widget elementor-widget-button\" data-id=\"edeb879\" data-element_type=\"widget\" data-widget_type=\"button.default\">\n\t\t\t\t<div class=\"elementor-widget-container\">\n\t\t\t\t\t<div class=\"elementor-button-wrapper\">\n\t\t\t<a href=\"tel:442%20317%203470\" class=\"elementor-button-link elementor-button elementor-size-sm\" role=\"button\">\n\t\t\t\t\t\t<span class=\"elementor-button-content-wrapper\">\n\t\t\t\t\t\t<span class=\"elementor-button-text\">Ll\u00e1manos<\/span>\n\t\t<\/span>\n\t\t\t\t\t<\/a>\n\t\t<\/div>\n\t\t\t\t<\/div>\n\t\t\t\t<\/div>\n\t\t\t\t<div class=\"elementor-element elementor-element-a20075a elementor-mobile-align-center elementor-align-center elementor-widget elementor-widget-button\" data-id=\"a20075a\" data-element_type=\"widget\" data-widget_type=\"button.default\">\n\t\t\t\t<div class=\"elementor-widget-container\">\n\t\t\t\t\t<div class=\"elementor-button-wrapper\">\n\t\t\t<a href=\"https:\/\/wa.link\/ye0cp3\" class=\"elementor-button-link elementor-button elementor-size-sm\" role=\"button\">\n\t\t\t\t\t\t<span class=\"elementor-button-content-wrapper\">\n\t\t\t\t\t\t<span class=\"elementor-button-text\"> whatsapp<\/span>\n\t\t<\/span>\n\t\t\t\t\t<\/a>\n\t\t<\/div>\n\t\t\t\t<\/div>\n\t\t\t\t<\/div>\n\t\t\t\t<div class=\"elementor-element elementor-element-8b916a7 elementor-widget elementor-widget-image\" data-id=\"8b916a7\" data-element_type=\"widget\" data-widget_type=\"image.default\">\n\t\t\t\t<div class=\"elementor-widget-container\">\n\t\t\t\t\t<div class=\"elementor-image\">\n\t\t\t\t\t\t\t\t\t\t<img loading=\"lazy\" decoding=\"async\" width=\"300\" height=\"100\" src=\"https:\/\/mejoreslugaresparavivirmexico.com\/wp-content\/uploads\/2021\/10\/inmobiliaria-2.png\" class=\"attachment-large size-large\" alt=\"\" style=\"width:100%;height:33.33%;max-width:300px;\" \/>\t\t\t\t\t\t\t\t\t\t\t<\/div>\n\t\t\t\t<\/div>\n\t\t\t\t<\/div>\n\t\t\t\t\t\t<\/div>\n\t\t\t\t\t<\/div>\n\t\t<\/div>\n\t\t\t\t<div class=\"elementor-column elementor-col-50 elementor-top-column elementor-element elementor-element-e4d5aaf\" data-id=\"e4d5aaf\" data-element_type=\"column\">\n\t\t\t<div class=\"elementor-column-wrap elementor-element-populated\">\n\t\t\t\t\t\t\t<div class=\"elementor-widget-wrap\">\n\t\t\t\t\t\t<div class=\"elementor-element elementor-element-0131317 elementor-button-align-stretch elementor-widget elementor-widget-form\" data-id=\"0131317\" data-element_type=\"widget\" data-settings=\"{&quot;step_next_label&quot;:&quot;Next&quot;,&quot;step_previous_label&quot;:&quot;Previous&quot;,&quot;button_width&quot;:&quot;100&quot;,&quot;step_type&quot;:&quot;number_text&quot;,&quot;step_icon_shape&quot;:&quot;circle&quot;}\" data-widget_type=\"form.default\">\n\t\t\t\t<div class=\"elementor-widget-container\">\n\t\t\t\t\t<form class=\"elementor-form\" method=\"post\" name=\"New Form\">\n\t\t\t<input type=\"hidden\" name=\"post_id\" value=\"1185\"\/>\n\t\t\t<input type=\"hidden\" name=\"form_id\" value=\"0131317\"\/>\n\n\t\t\t\n\t\t\t<div class=\"elementor-form-fields-wrapper elementor-labels-above\">\n\t\t\t\t\t\t\t\t<div class=\"elementor-field-type-text elementor-field-group elementor-column elementor-field-group-name elementor-col-100\">\n\t\t\t\t\t<input size=\"1\" type=\"text\" name=\"form_fields[name]\" id=\"form-field-name\" class=\"elementor-field elementor-size-sm  elementor-field-textual\" placeholder=\"Nombre\">\t\t\t\t<\/div>\n\t\t\t\t\t\t\t\t<div class=\"elementor-field-type-email elementor-field-group elementor-column elementor-field-group-email elementor-col-100 elementor-field-required\">\n\t\t\t\t\t<input size=\"1\" type=\"email\" name=\"form_fields[email]\" id=\"form-field-email\" class=\"elementor-field elementor-size-sm  elementor-field-textual\" placeholder=\"Correo\" required=\"required\" aria-required=\"true\">\t\t\t\t<\/div>\n\t\t\t\t\t\t\t\t<div class=\"elementor-field-type-tel elementor-field-group elementor-column elementor-field-group-message elementor-col-100\">\n\t\t\t\t\t<input size=\"1\" type=\"tel\" name=\"form_fields[message]\" id=\"form-field-message\" class=\"elementor-field elementor-size-sm  elementor-field-textual\" placeholder=\"Telefono \" pattern=\"[0-9()#&amp;+*-=.]+\" title=\"Only numbers and phone characters (#, -, *, etc) are accepted.\">\t\t\t\t<\/div>\n\t\t\t\t\t\t\t\t<div class=\"elementor-field-type-textarea elementor-field-group elementor-column elementor-field-group-field_1004e28 elementor-col-100\">\n\t\t\t\t\t<textarea class=\"elementor-field-textual elementor-field  elementor-size-sm\" name=\"form_fields[field_1004e28]\" id=\"form-field-field_1004e28\" rows=\"4\" placeholder=\"Informaci\u00f3n que solicita \"><\/textarea>\t\t\t\t<\/div>\n\t\t\t\t\t\t\t\t<div class=\"elementor-field-type-recaptcha_v3 elementor-field-group elementor-column elementor-field-group-field_1ba9df6 elementor-col-100 recaptcha_v3-bottomright\">\n\t\t\t\t\t<div class=\"elementor-field\" id=\"form-field-field_1ba9df6\"><div class=\"elementor-g-recaptcha\" data-sitekey=\"6LexHqohAAAAAH1sQBUd5-NQxVen3EvdqUwgQmu5\" data-type=\"v3\" data-action=\"Form\" data-badge=\"bottomright\" data-size=\"invisible\"><\/div><\/div>\t\t\t\t<\/div>\n\t\t\t\t\t\t\t\t<div class=\"elementor-field-group elementor-column elementor-field-type-submit elementor-col-100 e-form__buttons\">\n\t\t\t\t\t<button type=\"submit\" class=\"elementor-button elementor-size-sm\">\n\t\t\t\t\t\t<span >\n\t\t\t\t\t\t\t\t\t\t\t\t\t\t\t<span class=\" elementor-button-icon\">\n\t\t\t\t\t\t\t\t\t\t\t\t\t\t\t\t\t\t\t\t\t\t\t\t\t\t<\/span>\n\t\t\t\t\t\t\t\t\t\t\t\t\t\t\t\t\t\t\t\t\t\t<span class=\"elementor-button-text\">Solicitar informaci\u00f3n <\/span>\n\t\t\t\t\t\t\t\t\t\t\t\t\t<\/span>\n\t\t\t\t\t<\/button>\n\t\t\t\t<\/div>\n\t\t\t<\/div>\n\t\t<\/form>\n\t\t\t\t<\/div>\n\t\t\t\t<\/div>\n\t\t\t\t<div class=\"elementor-element elementor-element-ed544ac elementor-widget elementor-widget-spacer\" data-id=\"ed544ac\" data-element_type=\"widget\" data-widget_type=\"spacer.default\">\n\t\t\t\t<div class=\"elementor-widget-container\">\n\t\t\t\t\t<div class=\"elementor-spacer\">\n\t\t\t<div class=\"elementor-spacer-inner\"><\/div>\n\t\t<\/div>\n\t\t\t\t<\/div>\n\t\t\t\t<\/div>\n\t\t\t\t\t\t<\/div>\n\t\t\t\t\t<\/div>\n\t\t<\/div>\n\t\t\t\t\t\t\t\t<\/div>\n\t\t\t\t\t<\/div>\n\t\t<\/section>\n\t\t\t\t<section class=\"elementor-section elementor-top-section elementor-element elementor-element-da5d8d6 elementor-section-boxed elementor-section-height-default elementor-section-height-default\" data-id=\"da5d8d6\" data-element_type=\"section\">\n\t\t\t\t\t\t<div class=\"elementor-container elementor-column-gap-default\">\n\t\t\t\t\t\t\t<div class=\"elementor-row\">\n\t\t\t\t\t<div class=\"elementor-column elementor-col-100 elementor-top-column elementor-element elementor-element-539e980\" data-id=\"539e980\" data-element_type=\"column\">\n\t\t\t<div class=\"elementor-column-wrap elementor-element-populated\">\n\t\t\t\t\t\t\t<div class=\"elementor-widget-wrap\">\n\t\t\t\t\t\t<div class=\"elementor-element elementor-element-d8e094a elementor-widget elementor-widget-spacer\" data-id=\"d8e094a\" data-element_type=\"widget\" data-widget_type=\"spacer.default\">\n\t\t\t\t<div class=\"elementor-widget-container\">\n\t\t\t\t\t<div class=\"elementor-spacer\">\n\t\t\t<div class=\"elementor-spacer-inner\"><\/div>\n\t\t<\/div>\n\t\t\t\t<\/div>\n\t\t\t\t<\/div>\n\t\t\t\t\t\t<\/div>\n\t\t\t\t\t<\/div>\n\t\t<\/div>\n\t\t\t\t\t\t\t\t<\/div>\n\t\t\t\t\t<\/div>\n\t\t<\/section>\n\t\t\t\t\t\t<\/div>\n\t\t\t\t\t\t<\/div>\n\t\t\t\t\t<\/div>\n\t\t","protected":false},"excerpt":{"rendered":"<p>Cont\u00e1ctanos Uno de nuestros ejecutivos te acompa\u00f1ar\u00e1 en todo el proceso\u00a0 Ll\u00e1manos Asesor\u00eda y Vinculaci\u00f3n de negocios Estamos a sus \u00f3rdenes Ll\u00e1manos whatsapp<\/p>\n","protected":false},"author":1,"featured_media":0,"parent":0,"menu_order":0,"comment_status":"closed","ping_status":"closed","template":"elementor_header_footer","meta":{"footnotes":""},"class_list":["post-1185","page","type-page","status-publish","hentry","entry"],"yoast_head":"<!-- This site is optimized with the Yoast SEO plugin v23.9 - https:\/\/yoast.com\/wordpress\/plugins\/seo\/ -->\n<title>Contacto - Inmobiliaria Nueva ERA<\/title>\n<meta name=\"robots\" content=\"index, follow, max-snippet:-1, max-image-preview:large, max-video-preview:-1\" \/>\n<link rel=\"canonical\" href=\"https:\/\/mejoreslugaresparavivirmexico.com\/?page_id=1185\" \/>\n<meta property=\"og:locale\" content=\"es_ES\" \/>\n<meta property=\"og:type\" content=\"article\" \/>\n<meta property=\"og:title\" content=\"Contacto - Inmobiliaria Nueva ERA\" \/>\n<meta property=\"og:description\" content=\"Cont\u00e1ctanos Uno de nuestros ejecutivos te acompa\u00f1ar\u00e1 en todo el proceso\u00a0 Ll\u00e1manos Asesor\u00eda y Vinculaci\u00f3n de negocios Estamos a sus \u00f3rdenes Ll\u00e1manos whatsapp\" \/>\n<meta property=\"og:url\" content=\"https:\/\/mejoreslugaresparavivirmexico.com\/?page_id=1185\" \/>\n<meta property=\"og:site_name\" content=\"Inmobiliaria Nueva ERA\" \/>\n<meta property=\"article:modified_time\" content=\"2022-09-12T15:53:39+00:00\" \/>\n<meta property=\"og:image\" content=\"http:\/\/mejoreslugaresparavivirmexico.com\/wp-content\/uploads\/2021\/10\/inmobiliaria-2.png\" \/>\n<meta name=\"twitter:card\" content=\"summary_large_image\" \/>\n<script type=\"application\/ld+json\" class=\"yoast-schema-graph\">{\"@context\":\"https:\/\/schema.org\",\"@graph\":[{\"@type\":\"WebPage\",\"@id\":\"https:\/\/mejoreslugaresparavivirmexico.com\/?page_id=1185\",\"url\":\"https:\/\/mejoreslugaresparavivirmexico.com\/?page_id=1185\",\"name\":\"Contacto - Inmobiliaria Nueva ERA\",\"isPartOf\":{\"@id\":\"https:\/\/mejoreslugaresparavivirmexico.com\/#website\"},\"primaryImageOfPage\":{\"@id\":\"https:\/\/mejoreslugaresparavivirmexico.com\/?page_id=1185#primaryimage\"},\"image\":{\"@id\":\"https:\/\/mejoreslugaresparavivirmexico.com\/?page_id=1185#primaryimage\"},\"thumbnailUrl\":\"http:\/\/mejoreslugaresparavivirmexico.com\/wp-content\/uploads\/2021\/10\/inmobiliaria-2.png\",\"datePublished\":\"2022-08-23T13:47:55+00:00\",\"dateModified\":\"2022-09-12T15:53:39+00:00\",\"breadcrumb\":{\"@id\":\"https:\/\/mejoreslugaresparavivirmexico.com\/?page_id=1185#breadcrumb\"},\"inLanguage\":\"es\",\"potentialAction\":[{\"@type\":\"ReadAction\",\"target\":[\"https:\/\/mejoreslugaresparavivirmexico.com\/?page_id=1185\"]}]},{\"@type\":\"ImageObject\",\"inLanguage\":\"es\",\"@id\":\"https:\/\/mejoreslugaresparavivirmexico.com\/?page_id=1185#primaryimage\",\"url\":\"http:\/\/mejoreslugaresparavivirmexico.com\/wp-content\/uploads\/2021\/10\/inmobiliaria-2.png\",\"contentUrl\":\"http:\/\/mejoreslugaresparavivirmexico.com\/wp-content\/uploads\/2021\/10\/inmobiliaria-2.png\"},{\"@type\":\"BreadcrumbList\",\"@id\":\"https:\/\/mejoreslugaresparavivirmexico.com\/?page_id=1185#breadcrumb\",\"itemListElement\":[{\"@type\":\"ListItem\",\"position\":1,\"name\":\"Portada\",\"item\":\"https:\/\/mejoreslugaresparavivirmexico.com\/\"},{\"@type\":\"ListItem\",\"position\":2,\"name\":\"Contacto\"}]},{\"@type\":\"WebSite\",\"@id\":\"https:\/\/mejoreslugaresparavivirmexico.com\/#website\",\"url\":\"https:\/\/mejoreslugaresparavivirmexico.com\/\",\"name\":\"Inmobiliaria Nueva ERA\",\"description\":\"P\u00e1gina web especializada en venta de terrenos residenciales y comerciales en varias partes del pa\u00eds c\u00f3mo: Queretaro, Merida , Canc\u00fan, Leon, SLP y San Miguel de Allende. La  mejor inversi\u00f3n que puedes hacer es en tierra. Podras obtener una plusval\u00eda muy alta adem\u00e1s de ahorrar y consolidar tu patrimonio .\",\"potentialAction\":[{\"@type\":\"SearchAction\",\"target\":{\"@type\":\"EntryPoint\",\"urlTemplate\":\"https:\/\/mejoreslugaresparavivirmexico.com\/?s={search_term_string}\"},\"query-input\":{\"@type\":\"PropertyValueSpecification\",\"valueRequired\":true,\"valueName\":\"search_term_string\"}}],\"inLanguage\":\"es\"}]}<\/script>\n<!-- \/ Yoast SEO plugin. -->","yoast_head_json":{"title":"Contacto - Inmobiliaria Nueva ERA","robots":{"index":"index","follow":"follow","max-snippet":"max-snippet:-1","max-image-preview":"max-image-preview:large","max-video-preview":"max-video-preview:-1"},"canonical":"https:\/\/mejoreslugaresparavivirmexico.com\/?page_id=1185","og_locale":"es_ES","og_type":"article","og_title":"Contacto - Inmobiliaria Nueva ERA","og_description":"Cont\u00e1ctanos Uno de nuestros ejecutivos te acompa\u00f1ar\u00e1 en todo el proceso\u00a0 Ll\u00e1manos Asesor\u00eda y Vinculaci\u00f3n de negocios Estamos a sus \u00f3rdenes Ll\u00e1manos whatsapp","og_url":"https:\/\/mejoreslugaresparavivirmexico.com\/?page_id=1185","og_site_name":"Inmobiliaria Nueva ERA","article_modified_time":"2022-09-12T15:53:39+00:00","og_image":[{"url":"http:\/\/mejoreslugaresparavivirmexico.com\/wp-content\/uploads\/2021\/10\/inmobiliaria-2.png"}],"twitter_card":"summary_large_image","schema":{"@context":"https:\/\/schema.org","@graph":[{"@type":"WebPage","@id":"https:\/\/mejoreslugaresparavivirmexico.com\/?page_id=1185","url":"https:\/\/mejoreslugaresparavivirmexico.com\/?page_id=1185","name":"Contacto - Inmobiliaria Nueva ERA","isPartOf":{"@id":"https:\/\/mejoreslugaresparavivirmexico.com\/#website"},"primaryImageOfPage":{"@id":"https:\/\/mejoreslugaresparavivirmexico.com\/?page_id=1185#primaryimage"},"image":{"@id":"https:\/\/mejoreslugaresparavivirmexico.com\/?page_id=1185#primaryimage"},"thumbnailUrl":"http:\/\/mejoreslugaresparavivirmexico.com\/wp-content\/uploads\/2021\/10\/inmobiliaria-2.png","datePublished":"2022-08-23T13:47:55+00:00","dateModified":"2022-09-12T15:53:39+00:00","breadcrumb":{"@id":"https:\/\/mejoreslugaresparavivirmexico.com\/?page_id=1185#breadcrumb"},"inLanguage":"es","potentialAction":[{"@type":"ReadAction","target":["https:\/\/mejoreslugaresparavivirmexico.com\/?page_id=1185"]}]},{"@type":"ImageObject","inLanguage":"es","@id":"https:\/\/mejoreslugaresparavivirmexico.com\/?page_id=1185#primaryimage","url":"http:\/\/mejoreslugaresparavivirmexico.com\/wp-content\/uploads\/2021\/10\/inmobiliaria-2.png","contentUrl":"http:\/\/mejoreslugaresparavivirmexico.com\/wp-content\/uploads\/2021\/10\/inmobiliaria-2.png"},{"@type":"BreadcrumbList","@id":"https:\/\/mejoreslugaresparavivirmexico.com\/?page_id=1185#breadcrumb","itemListElement":[{"@type":"ListItem","position":1,"name":"Portada","item":"https:\/\/mejoreslugaresparavivirmexico.com\/"},{"@type":"ListItem","position":2,"name":"Contacto"}]},{"@type":"WebSite","@id":"https:\/\/mejoreslugaresparavivirmexico.com\/#website","url":"https:\/\/mejoreslugaresparavivirmexico.com\/","name":"Inmobiliaria Nueva ERA","description":"P\u00e1gina web especializada en venta de terrenos residenciales y comerciales en varias partes del pa\u00eds c\u00f3mo: Queretaro, Merida , Canc\u00fan, Leon, SLP y San Miguel de Allende. La  mejor inversi\u00f3n que puedes hacer es en tierra. Podras obtener una plusval\u00eda muy alta adem\u00e1s de ahorrar y consolidar tu patrimonio .","potentialAction":[{"@type":"SearchAction","target":{"@type":"EntryPoint","urlTemplate":"https:\/\/mejoreslugaresparavivirmexico.com\/?s={search_term_string}"},"query-input":{"@type":"PropertyValueSpecification","valueRequired":true,"valueName":"search_term_string"}}],"inLanguage":"es"}]}},"_links":{"self":[{"href":"https:\/\/mejoreslugaresparavivirmexico.com\/index.php?rest_route=\/wp\/v2\/pages\/1185","targetHints":{"allow":["GET"]}}],"collection":[{"href":"https:\/\/mejoreslugaresparavivirmexico.com\/index.php?rest_route=\/wp\/v2\/pages"}],"about":[{"href":"https:\/\/mejoreslugaresparavivirmexico.com\/index.php?rest_route=\/wp\/v2\/types\/page"}],"author":[{"embeddable":true,"href":"https:\/\/mejoreslugaresparavivirmexico.com\/index.php?rest_route=\/wp\/v2\/users\/1"}],"replies":[{"embeddable":true,"href":"https:\/\/mejoreslugaresparavivirmexico.com\/index.php?rest_route=%2Fwp%2Fv2%2Fcomments&post=1185"}],"version-history":[{"count":28,"href":"https:\/\/mejoreslugaresparavivirmexico.com\/index.php?rest_route=\/wp\/v2\/pages\/1185\/revisions"}],"predecessor-version":[{"id":1604,"href":"https:\/\/mejoreslugaresparavivirmexico.com\/index.php?rest_route=\/wp\/v2\/pages\/1185\/revisions\/1604"}],"wp:attachment":[{"href":"https:\/\/mejoreslugaresparavivirmexico.com\/index.php?rest_route=%2Fwp%2Fv2%2Fmedia&parent=1185"}],"curies":[{"name":"wp","href":"https:\/\/api.w.org\/{rel}","templated":true}]}}